{"id":33246,"date":"2023-09-05T11:51:57","date_gmt":"2023-09-05T10:51:57","guid":{"rendered":"https:\/\/work.glitz-design.com\/ciimar\/empregos\/posicoes-em-aberto"},"modified":"2025-11-20T16:38:08","modified_gmt":"2025-11-20T16:38:08","slug":"posicoes-em-aberto","status":"publish","type":"page","link":"https:\/\/www.ciimar.up.pt\/pt-pt\/posicoes-em-aberto\/","title":{"rendered":"Posi\u00e7\u00f5es em aberto"},"content":{"rendered":"\t\t<div data-elementor-type=\"wp-page\" data-elementor-id=\"33246\" class=\"elementor elementor-33246 elementor-13433\" data-elementor-post-type=\"page\">\n\t\t\t\t<div class=\"elementor-element elementor-element-f647236 e-flex e-con-boxed e-con e-parent\" data-id=\"f647236\" data-element_type=\"container\">\n\t\t\t\t\t<div class=\"e-con-inner\">\n\t\t\t\t<div class=\"elementor-element elementor-element-69f98db elementor-widget elementor-widget-heading\" data-id=\"69f98db\" data-element_type=\"widget\" data-widget_type=\"heading.default\">\n\t\t\t\t<div class=\"elementor-widget-container\">\n\t\t\t\t\t<h5 class=\"elementor-heading-title elementor-size-default\">Partilhe o seu talento<\/h5>\t\t\t\t<\/div>\n\t\t\t\t<\/div>\n\t\t\t\t<div class=\"elementor-element elementor-element-011cb0b elementor-widget elementor-widget-heading\" data-id=\"011cb0b\" data-element_type=\"widget\" data-widget_type=\"heading.default\">\n\t\t\t\t<div class=\"elementor-widget-container\">\n\t\t\t\t\t<h3 class=\"elementor-heading-title elementor-size-default\">Posi\u00e7\u00f5es em aberto<\/h3>\t\t\t\t<\/div>\n\t\t\t\t<\/div>\n\t\t\t\t\t<\/div>\n\t\t\t\t<\/div>\n\t\t<div class=\"elementor-element elementor-element-88a679a e-flex e-con-boxed e-con e-parent\" data-id=\"88a679a\" data-element_type=\"container\">\n\t\t\t\t\t<div class=\"e-con-inner\">\n\t\t\t\t<div class=\"elementor-element elementor-element-449bb3d elementor-grid-1 elementor-grid-tablet-2 elementor-grid-mobile-1 elementor-widget elementor-widget-loop-grid\" data-id=\"449bb3d\" data-element_type=\"widget\" data-settings=\"{&quot;template_id&quot;:7643,&quot;row_gap&quot;:{&quot;unit&quot;:&quot;px&quot;,&quot;size&quot;:16,&quot;sizes&quot;:[]},&quot;columns&quot;:1,&quot;_skin&quot;:&quot;post&quot;,&quot;columns_tablet&quot;:&quot;2&quot;,&quot;columns_mobile&quot;:&quot;1&quot;,&quot;edit_handle_selector&quot;:&quot;[data-elementor-type=\\&quot;loop-item\\&quot;]&quot;,&quot;row_gap_tablet&quot;:{&quot;unit&quot;:&quot;px&quot;,&quot;size&quot;:&quot;&quot;,&quot;sizes&quot;:[]},&quot;row_gap_mobile&quot;:{&quot;unit&quot;:&quot;px&quot;,&quot;size&quot;:&quot;&quot;,&quot;sizes&quot;:[]}}\" data-widget_type=\"loop-grid.post\">\n\t\t\t\t<div class=\"elementor-widget-container\">\n\t\t\t\t\t\t\t<div class=\"elementor-loop-container elementor-grid\">\n\t\t<style id=\"loop-7643\">.elementor-7643 .elementor-element.elementor-element-771b66a{--display:flex;--min-height:100px;--flex-direction:row;--container-widget-width:initial;--container-widget-height:100%;--container-widget-flex-grow:1;--container-widget-align-self:stretch;--flex-wrap-mobile:wrap;--gap:40px 40px;--row-gap:40px;--column-gap:40px;--border-radius:12px 12px 12px 12px;--padding-top:30px;--padding-bottom:30px;--padding-left:30px;--padding-right:30px;}.elementor-7643 .elementor-element.elementor-element-771b66a:not(.elementor-motion-effects-element-type-background), .elementor-7643 .elementor-element.elementor-element-771b66a > .elementor-motion-effects-container > .elementor-motion-effects-layer{background-color:var( --e-global-color-adefab9 );}.elementor-7643 .elementor-element.elementor-element-d8c6929{--display:flex;--justify-content:space-between;--gap:6px 6px;--row-gap:6px;--column-gap:6px;}.elementor-7643 .elementor-element.elementor-element-91da5da .elementor-heading-title{font-size:20px;}.elementor-7643 .elementor-element.elementor-element-e330c0c .elementor-button-content-wrapper{flex-direction:row;}.elementor-7643 .elementor-element.elementor-element-e330c0c .elementor-button{font-size:13px;}.elementor-7643 .elementor-element.elementor-element-8c861a8{--display:flex;--justify-content:center;--padding-top:0px;--padding-bottom:0px;--padding-left:30px;--padding-right:0px;}.elementor-7643 .elementor-element.elementor-element-a3e482b .elementor-heading-title{font-weight:600;color:var( --e-global-color-secondary );}.elementor-7643 .elementor-element.elementor-element-e06cc5a .elementor-heading-title{font-weight:600;color:var( --e-global-color-secondary );}.elementor-7643 .elementor-element.elementor-element-eb41570 .elementor-heading-title{font-weight:600;color:var( --e-global-color-secondary );}.elementor-7643 .elementor-element.elementor-element-a0eb219 .elementor-heading-title{font-weight:600;color:var( --e-global-color-secondary );}@media(min-width:768px){.elementor-7643 .elementor-element.elementor-element-d8c6929{--width:66%;}.elementor-7643 .elementor-element.elementor-element-8c861a8{--width:34%;}}<\/style>\t\t<div data-elementor-type=\"loop-item\" data-elementor-id=\"7643\" class=\"elementor elementor-7643 e-loop-item e-loop-item-69687 post-69687 jobs type-jobs status-publish hentry\" data-elementor-post-type=\"elementor_library\" data-custom-edit-handle=\"1\">\n\t\t\t<div class=\"elementor-element elementor-element-771b66a e-flex e-con-boxed e-con e-parent\" data-id=\"771b66a\" data-element_type=\"container\" data-settings=\"{&quot;background_background&quot;:&quot;classic&quot;}\">\n\t\t\t\t\t<div class=\"e-con-inner\">\n\t\t<div class=\"elementor-element elementor-element-d8c6929 e-con-full e-flex e-con e-child\" data-id=\"d8c6929\" data-element_type=\"container\">\n\t\t\t\t<div class=\"elementor-element elementor-element-91da5da elementor-widget elementor-widget-heading\" data-id=\"91da5da\" data-element_type=\"widget\" data-widget_type=\"heading.default\">\n\t\t\t\t<div class=\"elementor-widget-container\">\n\t\t\t\t\t<h4 class=\"elementor-heading-title elementor-size-default\">2026_028_TS_MAREST: Announcement for the opening of selection tender procedure for a superior technician (1 vacancy)<\/h4>\t\t\t\t<\/div>\n\t\t\t\t<\/div>\n\t\t\t\t<div class=\"elementor-element elementor-element-e330c0c elementor-widget elementor-widget-button\" data-id=\"e330c0c\" data-element_type=\"widget\" data-widget_type=\"button.default\">\n\t\t\t\t<div class=\"elementor-widget-container\">\n\t\t\t\t\t\t\t\t\t<div class=\"elementor-button-wrapper\">\n\t\t\t\t\t<a class=\"elementor-button elementor-button-link elementor-size-sm\" href=\"https:\/\/www.ciimar.up.pt\/wp-content\/uploads\/2026\/04\/EDITAL-MAREST.pdf\">\n\t\t\t\t\t\t<span class=\"elementor-button-content-wrapper\">\n\t\t\t\t\t\t<span class=\"elementor-button-icon\">\n\t\t\t\t<i aria-hidden=\"true\" class=\"fas fa-arrow-down\"><\/i>\t\t\t<\/span>\n\t\t\t\t\t\t\t\t\t<span class=\"elementor-button-text\">Download Announcement<\/span>\n\t\t\t\t\t<\/span>\n\t\t\t\t\t<\/a>\n\t\t\t\t<\/div>\n\t\t\t\t\t\t\t\t<\/div>\n\t\t\t\t<\/div>\n\t\t\t\t<\/div>\n\t\t<div class=\"elementor-element elementor-element-8c861a8 e-con-full e-flex e-con e-child\" data-id=\"8c861a8\" data-element_type=\"container\">\n\t\t\t\t<div class=\"elementor-element elementor-element-a3e482b elementor-widget elementor-widget-heading\" data-id=\"a3e482b\" data-element_type=\"widget\" data-widget_type=\"heading.default\">\n\t\t\t\t<div class=\"elementor-widget-container\">\n\t\t\t\t\t<h6 class=\"elementor-heading-title elementor-size-default\">Annoucement: 02 Abr 2026<\/h6>\t\t\t\t<\/div>\n\t\t\t\t<\/div>\n\t\t\t\t<div class=\"elementor-element elementor-element-e06cc5a elementor-widget elementor-widget-heading\" data-id=\"e06cc5a\" data-element_type=\"widget\" data-widget_type=\"heading.default\">\n\t\t\t\t<div class=\"elementor-widget-container\">\n\t\t\t\t\t<h6 class=\"elementor-heading-title elementor-size-default\">Ref: 2026_028_TS_MAREST<\/h6>\t\t\t\t<\/div>\n\t\t\t\t<\/div>\n\t\t\t\t<div class=\"elementor-element elementor-element-eb41570 elementor-widget elementor-widget-heading\" data-id=\"eb41570\" data-element_type=\"widget\" data-widget_type=\"heading.default\">\n\t\t\t\t<div class=\"elementor-widget-container\">\n\t\t\t\t\t<h6 class=\"elementor-heading-title elementor-size-default\">Deadline: 16 Abr 2026<\/h6>\t\t\t\t<\/div>\n\t\t\t\t<\/div>\n\t\t\t\t<\/div>\n\t\t\t\t\t<\/div>\n\t\t\t\t<\/div>\n\t\t\t\t<\/div>\n\t\t\t\t<div data-elementor-type=\"loop-item\" data-elementor-id=\"7643\" class=\"elementor elementor-7643 e-loop-item e-loop-item-69690 post-69690 jobs type-jobs status-publish hentry\" data-elementor-post-type=\"elementor_library\" data-custom-edit-handle=\"1\">\n\t\t\t<div class=\"elementor-element elementor-element-771b66a e-flex e-con-boxed e-con e-parent\" data-id=\"771b66a\" data-element_type=\"container\" data-settings=\"{&quot;background_background&quot;:&quot;classic&quot;}\">\n\t\t\t\t\t<div class=\"e-con-inner\">\n\t\t<div class=\"elementor-element elementor-element-d8c6929 e-con-full e-flex e-con e-child\" data-id=\"d8c6929\" data-element_type=\"container\">\n\t\t\t\t<div class=\"elementor-element elementor-element-91da5da elementor-widget elementor-widget-heading\" data-id=\"91da5da\" data-element_type=\"widget\" data-widget_type=\"heading.default\">\n\t\t\t\t<div class=\"elementor-widget-container\">\n\t\t\t\t\t<h4 class=\"elementor-heading-title elementor-size-default\">2026_031_IJ_BioeconomiaAzul: Announcement for the opening of an international selection tender procedure for (1) doctorate junior researcher hiring<\/h4>\t\t\t\t<\/div>\n\t\t\t\t<\/div>\n\t\t\t\t<div class=\"elementor-element elementor-element-e330c0c elementor-widget elementor-widget-button\" data-id=\"e330c0c\" data-element_type=\"widget\" data-widget_type=\"button.default\">\n\t\t\t\t<div class=\"elementor-widget-container\">\n\t\t\t\t\t\t\t\t\t<div class=\"elementor-button-wrapper\">\n\t\t\t\t\t<a class=\"elementor-button elementor-button-link elementor-size-sm\" href=\"https:\/\/www.ciimar.up.pt\/wp-content\/uploads\/2026\/04\/03_Edital_2026_031_IJ_BioeconomiaAzul.pdf\">\n\t\t\t\t\t\t<span class=\"elementor-button-content-wrapper\">\n\t\t\t\t\t\t<span class=\"elementor-button-icon\">\n\t\t\t\t<i aria-hidden=\"true\" class=\"fas fa-arrow-down\"><\/i>\t\t\t<\/span>\n\t\t\t\t\t\t\t\t\t<span class=\"elementor-button-text\">Download Announcement<\/span>\n\t\t\t\t\t<\/span>\n\t\t\t\t\t<\/a>\n\t\t\t\t<\/div>\n\t\t\t\t\t\t\t\t<\/div>\n\t\t\t\t<\/div>\n\t\t\t\t<\/div>\n\t\t<div class=\"elementor-element elementor-element-8c861a8 e-con-full e-flex e-con e-child\" data-id=\"8c861a8\" data-element_type=\"container\">\n\t\t\t\t<div class=\"elementor-element elementor-element-a3e482b elementor-widget elementor-widget-heading\" data-id=\"a3e482b\" data-element_type=\"widget\" data-widget_type=\"heading.default\">\n\t\t\t\t<div class=\"elementor-widget-container\">\n\t\t\t\t\t<h6 class=\"elementor-heading-title elementor-size-default\">Annoucement: 02 Abr 2026<\/h6>\t\t\t\t<\/div>\n\t\t\t\t<\/div>\n\t\t\t\t<div class=\"elementor-element elementor-element-e06cc5a elementor-widget elementor-widget-heading\" data-id=\"e06cc5a\" data-element_type=\"widget\" data-widget_type=\"heading.default\">\n\t\t\t\t<div class=\"elementor-widget-container\">\n\t\t\t\t\t<h6 class=\"elementor-heading-title elementor-size-default\">Ref: 2026_031_IJ_BioeconomiaAzul<\/h6>\t\t\t\t<\/div>\n\t\t\t\t<\/div>\n\t\t\t\t<div class=\"elementor-element elementor-element-eb41570 elementor-widget elementor-widget-heading\" data-id=\"eb41570\" data-element_type=\"widget\" data-widget_type=\"heading.default\">\n\t\t\t\t<div class=\"elementor-widget-container\">\n\t\t\t\t\t<h6 class=\"elementor-heading-title elementor-size-default\">Deadline: 16 Abr 2026<\/h6>\t\t\t\t<\/div>\n\t\t\t\t<\/div>\n\t\t\t\t<\/div>\n\t\t\t\t\t<\/div>\n\t\t\t\t<\/div>\n\t\t\t\t<\/div>\n\t\t\t\t<div data-elementor-type=\"loop-item\" data-elementor-id=\"7643\" class=\"elementor elementor-7643 e-loop-item e-loop-item-69650 post-69650 jobs type-jobs status-publish hentry\" data-elementor-post-type=\"elementor_library\" data-custom-edit-handle=\"1\">\n\t\t\t<div class=\"elementor-element elementor-element-771b66a e-flex e-con-boxed e-con e-parent\" data-id=\"771b66a\" data-element_type=\"container\" data-settings=\"{&quot;background_background&quot;:&quot;classic&quot;}\">\n\t\t\t\t\t<div class=\"e-con-inner\">\n\t\t<div class=\"elementor-element elementor-element-d8c6929 e-con-full e-flex e-con e-child\" data-id=\"d8c6929\" data-element_type=\"container\">\n\t\t\t\t<div class=\"elementor-element elementor-element-91da5da elementor-widget elementor-widget-heading\" data-id=\"91da5da\" data-element_type=\"widget\" data-widget_type=\"heading.default\">\n\t\t\t\t<div class=\"elementor-widget-container\">\n\t\t\t\t\t<h4 class=\"elementor-heading-title elementor-size-default\">2026_07_TS_PROALGAE: Announcement for the opening of selection tender procedure for a superior technician<\/h4>\t\t\t\t<\/div>\n\t\t\t\t<\/div>\n\t\t\t\t<div class=\"elementor-element elementor-element-e330c0c elementor-widget elementor-widget-button\" data-id=\"e330c0c\" data-element_type=\"widget\" data-widget_type=\"button.default\">\n\t\t\t\t<div class=\"elementor-widget-container\">\n\t\t\t\t\t\t\t\t\t<div class=\"elementor-button-wrapper\">\n\t\t\t\t\t<a class=\"elementor-button elementor-button-link elementor-size-sm\" href=\"https:\/\/www.ciimar.up.pt\/wp-content\/uploads\/2026\/03\/Edital_COMPETE-FEDER-00724100-16092-_ProAlgae.pdf\">\n\t\t\t\t\t\t<span class=\"elementor-button-content-wrapper\">\n\t\t\t\t\t\t<span class=\"elementor-button-icon\">\n\t\t\t\t<i aria-hidden=\"true\" class=\"fas fa-arrow-down\"><\/i>\t\t\t<\/span>\n\t\t\t\t\t\t\t\t\t<span class=\"elementor-button-text\">Download Announcement<\/span>\n\t\t\t\t\t<\/span>\n\t\t\t\t\t<\/a>\n\t\t\t\t<\/div>\n\t\t\t\t\t\t\t\t<\/div>\n\t\t\t\t<\/div>\n\t\t\t\t<\/div>\n\t\t<div class=\"elementor-element elementor-element-8c861a8 e-con-full e-flex e-con e-child\" data-id=\"8c861a8\" data-element_type=\"container\">\n\t\t\t\t<div class=\"elementor-element elementor-element-a3e482b elementor-widget elementor-widget-heading\" data-id=\"a3e482b\" data-element_type=\"widget\" data-widget_type=\"heading.default\">\n\t\t\t\t<div class=\"elementor-widget-container\">\n\t\t\t\t\t<h6 class=\"elementor-heading-title elementor-size-default\">Annoucement: 30 Mar 2026<\/h6>\t\t\t\t<\/div>\n\t\t\t\t<\/div>\n\t\t\t\t<div class=\"elementor-element elementor-element-e06cc5a elementor-widget elementor-widget-heading\" data-id=\"e06cc5a\" data-element_type=\"widget\" data-widget_type=\"heading.default\">\n\t\t\t\t<div class=\"elementor-widget-container\">\n\t\t\t\t\t<h6 class=\"elementor-heading-title elementor-size-default\">Ref: 2026_07_TS_PROALGAE<\/h6>\t\t\t\t<\/div>\n\t\t\t\t<\/div>\n\t\t\t\t<div class=\"elementor-element elementor-element-eb41570 elementor-widget elementor-widget-heading\" data-id=\"eb41570\" data-element_type=\"widget\" data-widget_type=\"heading.default\">\n\t\t\t\t<div class=\"elementor-widget-container\">\n\t\t\t\t\t<h6 class=\"elementor-heading-title elementor-size-default\">Deadline: 13 Abr 2026<\/h6>\t\t\t\t<\/div>\n\t\t\t\t<\/div>\n\t\t\t\t<\/div>\n\t\t\t\t\t<\/div>\n\t\t\t\t<\/div>\n\t\t\t\t<\/div>\n\t\t\t\t<\/div>\n\t\t\n\t\t\t\t\t\t<\/div>\n\t\t\t\t<\/div>\n\t\t\t\t<div class=\"elementor-element elementor-element-74acd4d elementor-widget__width-initial elementor-widget elementor-widget-heading\" data-id=\"74acd4d\" data-element_type=\"widget\" data-widget_type=\"heading.default\">\n\t\t\t\t<div class=\"elementor-widget-container\">\n\t\t\t\t\t<h5 class=\"elementor-heading-title elementor-size-default\">N\u00e3o h\u00e1 mais vagas em aberto. Volte a consultar frequentemente, pois poder\u00e3o surgir novas vagas no futuro.\nAgradecemos o seu interesse no nosso centro e o tempo que dedicou \u00e0 sua candidatura.<\/h5>\t\t\t\t<\/div>\n\t\t\t\t<\/div>\n\t\t\t\t<div class=\"elementor-element elementor-element-9153873 elementor-align-center elementor-widget elementor-widget-button\" data-id=\"9153873\" data-element_type=\"widget\" data-widget_type=\"button.default\">\n\t\t\t\t<div class=\"elementor-widget-container\">\n\t\t\t\t\t\t\t\t\t<div class=\"elementor-button-wrapper\">\n\t\t\t\t\t<a class=\"elementor-button elementor-button-link elementor-size-md\" href=\"https:\/\/www.ciimar.up.pt\/pt-pt\/posicoes-fechadas\/\">\n\t\t\t\t\t\t<span class=\"elementor-button-content-wrapper\">\n\t\t\t\t\t\t<span class=\"elementor-button-icon\">\n\t\t\t\t<i aria-hidden=\"true\" class=\"fas fa-arrow-right\"><\/i>\t\t\t<\/span>\n\t\t\t\t\t\t\t\t\t<span class=\"elementor-button-text\">Posi\u00e7\u00f5es fechadas<\/span>\n\t\t\t\t\t<\/span>\n\t\t\t\t\t<\/a>\n\t\t\t\t<\/div>\n\t\t\t\t\t\t\t\t<\/div>\n\t\t\t\t<\/div>\n\t\t\t\t\t<\/div>\n\t\t\t\t<\/div>\n\t\t<div class=\"elementor-element elementor-element-e461d9f e-flex e-con-boxed e-con e-parent\" data-id=\"e461d9f\" data-element_type=\"container\">\n\t\t\t\t\t<div class=\"e-con-inner\">\n\t\t\t\t<div class=\"elementor-element elementor-element-0092088 elementor-widget__width-initial elementor-widget elementor-widget-heading\" data-id=\"0092088\" data-element_type=\"widget\" data-widget_type=\"heading.default\">\n\t\t\t\t<div class=\"elementor-widget-container\">\n\t\t\t\t\t<h5 class=\"elementor-heading-title elementor-size-default\">Est\u00e1 \u00e0 procura de um projeto para o seu mestrado ou doutoramento? Brevemente dispon\u00edvel.<\/h5>\t\t\t\t<\/div>\n\t\t\t\t<\/div>\n\t\t\t\t\t<\/div>\n\t\t\t\t<\/div>\n\t\t\t\t<\/div>\n\t\t","protected":false},"excerpt":{"rendered":"<p>Vagas abertas no CIIMAR<\/p>\n","protected":false},"author":1,"featured_media":0,"parent":0,"menu_order":0,"comment_status":"closed","ping_status":"closed","template":"","meta":{"_acf_changed":false,"footnotes":""},"class_list":["post-33246","page","type-page","status-publish","hentry"],"acf":[],"jetpack_sharing_enabled":true,"_links":{"self":[{"href":"https:\/\/www.ciimar.up.pt\/pt-pt\/wp-json\/wp\/v2\/pages\/33246","targetHints":{"allow":["GET"]}}],"collection":[{"href":"https:\/\/www.ciimar.up.pt\/pt-pt\/wp-json\/wp\/v2\/pages"}],"about":[{"href":"https:\/\/www.ciimar.up.pt\/pt-pt\/wp-json\/wp\/v2\/types\/page"}],"author":[{"embeddable":true,"href":"https:\/\/www.ciimar.up.pt\/pt-pt\/wp-json\/wp\/v2\/users\/1"}],"replies":[{"embeddable":true,"href":"https:\/\/www.ciimar.up.pt\/pt-pt\/wp-json\/wp\/v2\/comments?post=33246"}],"version-history":[{"count":20,"href":"https:\/\/www.ciimar.up.pt\/pt-pt\/wp-json\/wp\/v2\/pages\/33246\/revisions"}],"predecessor-version":[{"id":66756,"href":"https:\/\/www.ciimar.up.pt\/pt-pt\/wp-json\/wp\/v2\/pages\/33246\/revisions\/66756"}],"wp:attachment":[{"href":"https:\/\/www.ciimar.up.pt\/pt-pt\/wp-json\/wp\/v2\/media?parent=33246"}],"curies":[{"name":"wp","href":"https:\/\/api.w.org\/{rel}","templated":true}]}}