{"id":33270,"date":"2023-06-27T10:00:46","date_gmt":"2023-06-27T10:00:46","guid":{"rendered":"https:\/\/work.glitz-design.com\/ciimar\/inovacao\/plataformas"},"modified":"2024-06-11T14:44:14","modified_gmt":"2024-06-11T14:44:14","slug":"plataformas-tecnologicas","status":"publish","type":"page","link":"https:\/\/www.ciimar.up.pt\/pt-pt\/inovacao\/plataformas-tecnologicas\/","title":{"rendered":"Plataformas Tecnol\u00f3gicas"},"content":{"rendered":"\t\t<div data-elementor-type=\"wp-page\" data-elementor-id=\"33270\" class=\"elementor elementor-33270 elementor-7048\" data-elementor-post-type=\"page\">\n\t\t\t\t<div class=\"elementor-element elementor-element-def1e73 e-flex e-con-boxed e-con e-parent\" data-id=\"def1e73\" data-element_type=\"container\">\n\t\t\t\t\t<div class=\"e-con-inner\">\n\t\t\t\t<div class=\"elementor-element elementor-element-7c28fef elementor-widget elementor-widget-heading\" data-id=\"7c28fef\" data-element_type=\"widget\" data-widget_type=\"heading.default\">\n\t\t\t\t<div class=\"elementor-widget-container\">\n\t\t\t\t\t<h1 class=\"elementor-heading-title elementor-size-default\">Plataformas Tecnol\u00f3gicas<\/h1>\t\t\t\t<\/div>\n\t\t\t\t<\/div>\n\t\t\t\t<div class=\"elementor-element elementor-element-c7e548f elementor-widget elementor-widget-heading\" data-id=\"c7e548f\" data-element_type=\"widget\" data-widget_type=\"heading.default\">\n\t\t\t\t<div class=\"elementor-widget-container\">\n\t\t\t\t\t<h2 class=\"elementor-heading-title elementor-size-default\">A gerar<div>possibilidades<\/div><div>de colabora\u00e7\u00e3o:<\/div><\/h2>\t\t\t\t<\/div>\n\t\t\t\t<\/div>\n\t\t\t\t\t<\/div>\n\t\t\t\t<\/div>\n\t\t<div class=\"elementor-element elementor-element-bc930d0 e-flex e-con-boxed e-con e-parent\" data-id=\"bc930d0\" data-element_type=\"container\">\n\t\t\t\t\t<div class=\"e-con-inner\">\n\t\t\t\t<div class=\"elementor-element elementor-element-36b4de8 elementor-widget elementor-widget-image\" data-id=\"36b4de8\" data-element_type=\"widget\" data-settings=\"{&quot;motion_fx_motion_fx_scrolling&quot;:&quot;yes&quot;,&quot;motion_fx_scale_effect&quot;:&quot;yes&quot;,&quot;motion_fx_scale_direction&quot;:&quot;in-out&quot;,&quot;motion_fx_scale_speed&quot;:{&quot;unit&quot;:&quot;px&quot;,&quot;size&quot;:-3,&quot;sizes&quot;:[]},&quot;motion_fx_scale_range&quot;:{&quot;unit&quot;:&quot;%&quot;,&quot;size&quot;:&quot;&quot;,&quot;sizes&quot;:{&quot;start&quot;:20,&quot;end&quot;:51}},&quot;motion_fx_devices&quot;:[&quot;desktop&quot;,&quot;tablet&quot;,&quot;mobile&quot;]}\" data-widget_type=\"image.default\">\n\t\t\t\t<div class=\"elementor-widget-container\">\n\t\t\t\t\t\t\t\t\t\t\t\t\t\t\t<img fetchpriority=\"high\" decoding=\"async\" width=\"1920\" height=\"1440\" src=\"https:\/\/www.ciimar.up.pt\/wp-content\/uploads\/2023\/09\/school-of-fish-2622780-1.jpg\" class=\"attachment-full size-full wp-image-33048\" alt=\"\" srcset=\"https:\/\/www.ciimar.up.pt\/wp-content\/uploads\/2023\/09\/school-of-fish-2622780-1.jpg 1920w, https:\/\/www.ciimar.up.pt\/wp-content\/uploads\/2023\/09\/school-of-fish-2622780-1-300x225.jpg 300w, https:\/\/www.ciimar.up.pt\/wp-content\/uploads\/2023\/09\/school-of-fish-2622780-1-1024x768.jpg 1024w, https:\/\/www.ciimar.up.pt\/wp-content\/uploads\/2023\/09\/school-of-fish-2622780-1-768x576.jpg 768w, https:\/\/www.ciimar.up.pt\/wp-content\/uploads\/2023\/09\/school-of-fish-2622780-1-1536x1152.jpg 1536w\" sizes=\"(max-width: 1920px) 100vw, 1920px\" \/>\t\t\t\t\t\t\t\t\t\t\t\t\t\t\t<\/div>\n\t\t\t\t<\/div>\n\t\t\t\t\t<\/div>\n\t\t\t\t<\/div>\n\t\t<div class=\"elementor-element elementor-element-ee8a7d0 e-flex e-con-boxed e-con e-parent\" data-id=\"ee8a7d0\" data-element_type=\"container\">\n\t\t\t\t\t<div class=\"e-con-inner\">\n\t\t\t\t<div class=\"elementor-element elementor-element-c2a600d elementor-widget__width-initial elementor-widget elementor-widget-text-editor\" data-id=\"c2a600d\" data-element_type=\"widget\" data-widget_type=\"text-editor.default\">\n\t\t\t\t<div class=\"elementor-widget-container\">\n\t\t\t\t\t\t\t\t\t<p>As Plataformas Tecnol\u00f3gicas do CIIMAR, em estreita liga\u00e7\u00e3o com v\u00e1rias Redes Europeias de Infra-estruturas de Investiga\u00e7\u00e3o (e.g. EMBRC, EMSO, MIR- RI-PT, OPENSREEN-PT, Bio.Data), representam um eixo estrat\u00e9gico do Centro para garantir o acesso, apoio e conhecimentos especializados a outras institui\u00e7\u00f5es, do meio acad\u00e9mico e empresas, a uma vasta gama de servi\u00e7os experimentais e laborat\u00f3rios bem equipados.<\/p>\t\t\t\t\t\t\t\t<\/div>\n\t\t\t\t<\/div>\n\t\t\t\t\t<\/div>\n\t\t\t\t<\/div>\n\t\t<div class=\"elementor-element elementor-element-38d030f e-flex e-con-boxed e-con e-parent\" data-id=\"38d030f\" data-element_type=\"container\">\n\t\t\t\t\t<div class=\"e-con-inner\">\n\t\t\t\t<div class=\"elementor-element elementor-element-a0838a6 elementor-grid-3 elementor-widget__width-inherit elementor-grid-tablet-2 elementor-grid-mobile-1 elementor-widget elementor-widget-loop-grid\" data-id=\"a0838a6\" data-element_type=\"widget\" data-settings=\"{&quot;template_id&quot;:35549,&quot;columns&quot;:3,&quot;row_gap&quot;:{&quot;unit&quot;:&quot;px&quot;,&quot;size&quot;:0,&quot;sizes&quot;:[]},&quot;_skin&quot;:&quot;post&quot;,&quot;columns_tablet&quot;:&quot;2&quot;,&quot;columns_mobile&quot;:&quot;1&quot;,&quot;edit_handle_selector&quot;:&quot;[data-elementor-type=\\&quot;loop-item\\&quot;]&quot;,&quot;row_gap_tablet&quot;:{&quot;unit&quot;:&quot;px&quot;,&quot;size&quot;:&quot;&quot;,&quot;sizes&quot;:[]},&quot;row_gap_mobile&quot;:{&quot;unit&quot;:&quot;px&quot;,&quot;size&quot;:&quot;&quot;,&quot;sizes&quot;:[]}}\" data-widget_type=\"loop-grid.post\">\n\t\t\t\t<div class=\"elementor-widget-container\">\n\t\t\t\t\t\t\t<div class=\"elementor-loop-container elementor-grid\">\n\t\t<style id=\"loop-35549\">.elementor-35549 .elementor-element.elementor-element-52379be{--display:flex;--min-height:230px;--flex-direction:column;--container-widget-width:calc( ( 1 - var( --container-widget-flex-grow ) ) * 100% );--container-widget-height:initial;--container-widget-flex-grow:0;--container-widget-align-self:initial;--flex-wrap-mobile:wrap;--justify-content:center;--align-items:center;--gap:0px 0px;--row-gap:0px;--column-gap:0px;--background-transition:0.3s;border-style:solid;--border-style:solid;border-width:0px 1px 1px 0px;--border-top-width:0px;--border-right-width:1px;--border-bottom-width:1px;--border-left-width:0px;border-color:var( --e-global-color-47202a6 );--border-color:var( --e-global-color-47202a6 );--margin-top:0px;--margin-bottom:0px;--margin-left:0px;--margin-right:0px;--padding-top:20px;--padding-bottom:20px;--padding-left:10px;--padding-right:10px;}.elementor-35549 .elementor-element.elementor-element-52379be:hover{background-color:#FFFFFF;box-shadow:0px 0px 10px 0px rgba(0, 0, 0, 0.2);}.elementor-35549 .elementor-element.elementor-element-cd6335c img{width:120px;}.elementor-35549 .elementor-element.elementor-element-a9b3ec4{text-align:center;}.elementor-35549 .elementor-element.elementor-element-a9b3ec4 .elementor-heading-title{font-size:16px;line-height:19px;color:var( --e-global-color-primary );}<\/style>\t\t<div data-elementor-type=\"loop-item\" data-elementor-id=\"35549\" class=\"elementor elementor-35549 elementor-7267 elementor-7267 e-loop-item e-loop-item-7232 post-7232 platforms type-platforms status-publish hentry\" data-elementor-post-type=\"elementor_library\" data-custom-edit-handle=\"1\">\n\t\t\t<a data-dce-background-hover-color=\"#FFFFFF\" class=\"elementor-element elementor-element-52379be e-flex e-con-boxed e-con e-parent\" data-id=\"52379be\" data-element_type=\"container\" data-settings=\"{&quot;background_background&quot;:&quot;classic&quot;}\" href=\"https:\/\/www.ciimar.up.pt\/pt-pt\/platforms\/access-to-ecosystem\/\">\n\t\t\t\t\t<div class=\"e-con-inner\">\n\t\t\t\t<div class=\"elementor-element elementor-element-cd6335c elementor-widget elementor-widget-image\" data-id=\"cd6335c\" data-element_type=\"widget\" data-widget_type=\"image.default\">\n\t\t\t\t<div class=\"elementor-widget-container\">\n\t\t\t\t\t\t\t\t\t\t\t\t\t\t\t<img decoding=\"async\" width=\"1\" height=\"1\" src=\"https:\/\/www.ciimar.up.pt\/wp-content\/uploads\/2023\/06\/Access-to-eocsystems.svg\" class=\"attachment-large size-large wp-image-30583\" alt=\"\" \/>\t\t\t\t\t\t\t\t\t\t\t\t\t\t\t<\/div>\n\t\t\t\t<\/div>\n\t\t\t\t<div class=\"elementor-element elementor-element-a9b3ec4 elementor-widget elementor-widget-heading\" data-id=\"a9b3ec4\" data-element_type=\"widget\" data-widget_type=\"heading.default\">\n\t\t\t\t<div class=\"elementor-widget-container\">\n\t\t\t\t\t<h5 class=\"elementor-heading-title elementor-size-default\">Acesso aos Ecossistemas<\/h5>\t\t\t\t<\/div>\n\t\t\t\t<\/div>\n\t\t\t\t\t<\/div>\n\t\t\t\t<\/a>\n\t\t\t\t<\/div>\n\t\t\t\t<div data-elementor-type=\"loop-item\" data-elementor-id=\"35549\" class=\"elementor elementor-35549 elementor-7267 elementor-7267 e-loop-item e-loop-item-7233 post-7233 platforms type-platforms status-publish hentry\" data-elementor-post-type=\"elementor_library\" data-custom-edit-handle=\"1\">\n\t\t\t<a data-dce-background-hover-color=\"#FFFFFF\" class=\"elementor-element elementor-element-52379be e-flex e-con-boxed e-con e-parent\" data-id=\"52379be\" data-element_type=\"container\" data-settings=\"{&quot;background_background&quot;:&quot;classic&quot;}\" href=\"https:\/\/www.ciimar.up.pt\/pt-pt\/platforms\/analytical-laboratories\/\">\n\t\t\t\t\t<div class=\"e-con-inner\">\n\t\t\t\t<div class=\"elementor-element elementor-element-cd6335c elementor-widget elementor-widget-image\" data-id=\"cd6335c\" data-element_type=\"widget\" data-widget_type=\"image.default\">\n\t\t\t\t<div class=\"elementor-widget-container\">\n\t\t\t\t\t\t\t\t\t\t\t\t\t\t\t<img decoding=\"async\" width=\"1\" height=\"1\" src=\"https:\/\/www.ciimar.up.pt\/wp-content\/uploads\/2023\/06\/analytical-chemistry.svg\" class=\"attachment-large size-large wp-image-30586\" alt=\"\" \/>\t\t\t\t\t\t\t\t\t\t\t\t\t\t\t<\/div>\n\t\t\t\t<\/div>\n\t\t\t\t<div class=\"elementor-element elementor-element-a9b3ec4 elementor-widget elementor-widget-heading\" data-id=\"a9b3ec4\" data-element_type=\"widget\" data-widget_type=\"heading.default\">\n\t\t\t\t<div class=\"elementor-widget-container\">\n\t\t\t\t\t<h5 class=\"elementor-heading-title elementor-size-default\">Laborat\u00f3rios Anal\u00edticos<\/h5>\t\t\t\t<\/div>\n\t\t\t\t<\/div>\n\t\t\t\t\t<\/div>\n\t\t\t\t<\/a>\n\t\t\t\t<\/div>\n\t\t\t\t<div data-elementor-type=\"loop-item\" data-elementor-id=\"35549\" class=\"elementor elementor-35549 elementor-7267 elementor-7267 e-loop-item e-loop-item-7235 post-7235 platforms type-platforms status-publish hentry\" data-elementor-post-type=\"elementor_library\" data-custom-edit-handle=\"1\">\n\t\t\t<a data-dce-background-hover-color=\"#FFFFFF\" class=\"elementor-element elementor-element-52379be e-flex e-con-boxed e-con e-parent\" data-id=\"52379be\" data-element_type=\"container\" data-settings=\"{&quot;background_background&quot;:&quot;classic&quot;}\" href=\"https:\/\/www.ciimar.up.pt\/pt-pt\/platforms\/aquaculture-and-animal-experimentation-facility\/\">\n\t\t\t\t\t<div class=\"e-con-inner\">\n\t\t\t\t<div class=\"elementor-element elementor-element-cd6335c elementor-widget elementor-widget-image\" data-id=\"cd6335c\" data-element_type=\"widget\" data-widget_type=\"image.default\">\n\t\t\t\t<div class=\"elementor-widget-container\">\n\t\t\t\t\t\t\t\t\t\t\t\t\t\t\t<img loading=\"lazy\" decoding=\"async\" width=\"1\" height=\"1\" src=\"https:\/\/www.ciimar.up.pt\/wp-content\/uploads\/2023\/06\/aquaculture-and-animal-experimentaion.svg\" class=\"attachment-large size-large wp-image-30584\" alt=\"\" \/>\t\t\t\t\t\t\t\t\t\t\t\t\t\t\t<\/div>\n\t\t\t\t<\/div>\n\t\t\t\t<div class=\"elementor-element elementor-element-a9b3ec4 elementor-widget elementor-widget-heading\" data-id=\"a9b3ec4\" data-element_type=\"widget\" data-widget_type=\"heading.default\">\n\t\t\t\t<div class=\"elementor-widget-container\">\n\t\t\t\t\t<h5 class=\"elementor-heading-title elementor-size-default\">Aquacultura e Experimenta\u00e7\u00e3o Animal<\/h5>\t\t\t\t<\/div>\n\t\t\t\t<\/div>\n\t\t\t\t\t<\/div>\n\t\t\t\t<\/a>\n\t\t\t\t<\/div>\n\t\t\t\t<div data-elementor-type=\"loop-item\" data-elementor-id=\"35549\" class=\"elementor elementor-35549 elementor-7267 elementor-7267 e-loop-item e-loop-item-7236 post-7236 platforms type-platforms status-publish hentry\" data-elementor-post-type=\"elementor_library\" data-custom-edit-handle=\"1\">\n\t\t\t<a data-dce-background-hover-color=\"#FFFFFF\" class=\"elementor-element elementor-element-52379be e-flex e-con-boxed e-con e-parent\" data-id=\"52379be\" data-element_type=\"container\" data-settings=\"{&quot;background_background&quot;:&quot;classic&quot;}\" href=\"https:\/\/www.ciimar.up.pt\/pt-pt\/platforms\/biodiversity-and-omics\/\">\n\t\t\t\t\t<div class=\"e-con-inner\">\n\t\t\t\t<div class=\"elementor-element elementor-element-cd6335c elementor-widget elementor-widget-image\" data-id=\"cd6335c\" data-element_type=\"widget\" data-widget_type=\"image.default\">\n\t\t\t\t<div class=\"elementor-widget-container\">\n\t\t\t\t\t\t\t\t\t\t\t\t\t\t\t<img loading=\"lazy\" decoding=\"async\" width=\"1\" height=\"1\" src=\"https:\/\/www.ciimar.up.pt\/wp-content\/uploads\/2023\/06\/biodiversity.svg\" class=\"attachment-large size-large wp-image-30590\" alt=\"\" \/>\t\t\t\t\t\t\t\t\t\t\t\t\t\t\t<\/div>\n\t\t\t\t<\/div>\n\t\t\t\t<div class=\"elementor-element elementor-element-a9b3ec4 elementor-widget elementor-widget-heading\" data-id=\"a9b3ec4\" data-element_type=\"widget\" data-widget_type=\"heading.default\">\n\t\t\t\t<div class=\"elementor-widget-container\">\n\t\t\t\t\t<h5 class=\"elementor-heading-title elementor-size-default\">Biodescoberta e \u00d3micas<\/h5>\t\t\t\t<\/div>\n\t\t\t\t<\/div>\n\t\t\t\t\t<\/div>\n\t\t\t\t<\/a>\n\t\t\t\t<\/div>\n\t\t\t\t<div data-elementor-type=\"loop-item\" data-elementor-id=\"35549\" class=\"elementor elementor-35549 elementor-7267 elementor-7267 e-loop-item e-loop-item-7239 post-7239 platforms type-platforms status-publish hentry\" data-elementor-post-type=\"elementor_library\" data-custom-edit-handle=\"1\">\n\t\t\t<a data-dce-background-hover-color=\"#FFFFFF\" class=\"elementor-element elementor-element-52379be e-flex e-con-boxed e-con e-parent\" data-id=\"52379be\" data-element_type=\"container\" data-settings=\"{&quot;background_background&quot;:&quot;classic&quot;}\" href=\"https:\/\/www.ciimar.up.pt\/pt-pt\/platforms\/blue-biobank\/\">\n\t\t\t\t\t<div class=\"e-con-inner\">\n\t\t\t\t<div class=\"elementor-element elementor-element-cd6335c elementor-widget elementor-widget-image\" data-id=\"cd6335c\" data-element_type=\"widget\" data-widget_type=\"image.default\">\n\t\t\t\t<div class=\"elementor-widget-container\">\n\t\t\t\t\t\t\t\t\t\t\t\t\t\t\t<img loading=\"lazy\" decoding=\"async\" width=\"1\" height=\"1\" src=\"https:\/\/www.ciimar.up.pt\/wp-content\/uploads\/2023\/06\/culture-collection.svg\" class=\"attachment-large size-large wp-image-30585\" alt=\"\" \/>\t\t\t\t\t\t\t\t\t\t\t\t\t\t\t<\/div>\n\t\t\t\t<\/div>\n\t\t\t\t<div class=\"elementor-element elementor-element-a9b3ec4 elementor-widget elementor-widget-heading\" data-id=\"a9b3ec4\" data-element_type=\"widget\" data-widget_type=\"heading.default\">\n\t\t\t\t<div class=\"elementor-widget-container\">\n\t\t\t\t\t<h5 class=\"elementor-heading-title elementor-size-default\">Biobanco Azul<\/h5>\t\t\t\t<\/div>\n\t\t\t\t<\/div>\n\t\t\t\t\t<\/div>\n\t\t\t\t<\/a>\n\t\t\t\t<\/div>\n\t\t\t\t<div data-elementor-type=\"loop-item\" data-elementor-id=\"35549\" class=\"elementor elementor-35549 elementor-7267 elementor-7267 e-loop-item e-loop-item-7240 post-7240 platforms type-platforms status-publish hentry\" data-elementor-post-type=\"elementor_library\" data-custom-edit-handle=\"1\">\n\t\t\t<a data-dce-background-hover-color=\"#FFFFFF\" class=\"elementor-element elementor-element-52379be e-flex e-con-boxed e-con e-parent\" data-id=\"52379be\" data-element_type=\"container\" data-settings=\"{&quot;background_background&quot;:&quot;classic&quot;}\" href=\"https:\/\/www.ciimar.up.pt\/pt-pt\/platforms\/ecotoxicology\/\">\n\t\t\t\t\t<div class=\"e-con-inner\">\n\t\t\t\t<div class=\"elementor-element elementor-element-cd6335c elementor-widget elementor-widget-image\" data-id=\"cd6335c\" data-element_type=\"widget\" data-widget_type=\"image.default\">\n\t\t\t\t<div class=\"elementor-widget-container\">\n\t\t\t\t\t\t\t\t\t\t\t\t\t\t\t<img loading=\"lazy\" decoding=\"async\" width=\"1\" height=\"1\" src=\"https:\/\/www.ciimar.up.pt\/wp-content\/uploads\/2023\/06\/ecotoxicology.svg\" class=\"attachment-large size-large wp-image-30588\" alt=\"\" \/>\t\t\t\t\t\t\t\t\t\t\t\t\t\t\t<\/div>\n\t\t\t\t<\/div>\n\t\t\t\t<div class=\"elementor-element elementor-element-a9b3ec4 elementor-widget elementor-widget-heading\" data-id=\"a9b3ec4\" data-element_type=\"widget\" data-widget_type=\"heading.default\">\n\t\t\t\t<div class=\"elementor-widget-container\">\n\t\t\t\t\t<h5 class=\"elementor-heading-title elementor-size-default\">Ecotoxicologia<\/h5>\t\t\t\t<\/div>\n\t\t\t\t<\/div>\n\t\t\t\t\t<\/div>\n\t\t\t\t<\/a>\n\t\t\t\t<\/div>\n\t\t\t\t<\/div>\n\t\t\n\t\t\t\t\t\t<\/div>\n\t\t\t\t<\/div>\n\t\t\t\t\t<\/div>\n\t\t\t\t<\/div>\n\t\t<div class=\"elementor-element elementor-element-62709e9 e-flex e-con-boxed e-con e-parent\" data-id=\"62709e9\" data-element_type=\"container\">\n\t\t\t\t\t<div class=\"e-con-inner\">\n\t\t\t\t<div class=\"elementor-element elementor-element-9abbf32 elementor-widget__width-initial elementor-widget elementor-widget-text-editor\" data-id=\"9abbf32\" data-element_type=\"widget\" data-widget_type=\"text-editor.default\">\n\t\t\t\t<div class=\"elementor-widget-container\">\n\t\t\t\t\t\t\t\t\t<p>Quer saber mais sobre as nossas Plataformas de Tecnol\u00f3gicas? Por favor, entre em contato com o Escrit\u00f3rio de Transfer\u00eancia de Tecnologia e Desenvolvimento de Neg\u00f3cios do CIIMAR ou clique em cada plataforma e fa\u00e7a um pedido de informa\u00e7\u00f5es.<\/p>\t\t\t\t\t\t\t\t<\/div>\n\t\t\t\t<\/div>\n\t\t\t\t<div class=\"elementor-element elementor-element-6a33c92 elementor-align-center elementor-widget elementor-widget-button\" data-id=\"6a33c92\" data-element_type=\"widget\" data-widget_type=\"button.default\">\n\t\t\t\t<div class=\"elementor-widget-container\">\n\t\t\t\t\t\t\t\t\t<div class=\"elementor-button-wrapper\">\n\t\t\t\t\t<a class=\"elementor-button elementor-button-link elementor-size-sm\" href=\"mailto:techtransfer@ciimar.up.pt\">\n\t\t\t\t\t\t<span class=\"elementor-button-content-wrapper\">\n\t\t\t\t\t\t<span class=\"elementor-button-icon\">\n\t\t\t\t<i aria-hidden=\"true\" class=\"fas fa-arrow-right\"><\/i>\t\t\t<\/span>\n\t\t\t\t\t\t\t\t\t<span class=\"elementor-button-text\">Contacte-nos<\/span>\n\t\t\t\t\t<\/span>\n\t\t\t\t\t<\/a>\n\t\t\t\t<\/div>\n\t\t\t\t\t\t\t\t<\/div>\n\t\t\t\t<\/div>\n\t\t\t\t\t<\/div>\n\t\t\t\t<\/div>\n\t\t\t\t<\/div>\n\t\t","protected":false},"excerpt":{"rendered":"<p>Plataformas Tecnol\u00f3gicas A gerarpossibilidadesde colabora\u00e7\u00e3o: As Plataformas Tecnol\u00f3gicas do CIIMAR, em estreita liga\u00e7\u00e3o com v\u00e1rias Redes Europeias de Infra-estruturas de Investiga\u00e7\u00e3o (e.g. EMBRC, EMSO, MIR- RI-PT, OPENSREEN-PT, Bio.Data), representam um eixo estrat\u00e9gico do Centro para garantir o acesso, apoio e conhecimentos especializados a outras institui\u00e7\u00f5es, do meio acad\u00e9mico e empresas, a uma vasta gama de [&hellip;]<\/p>\n","protected":false},"author":1,"featured_media":0,"parent":33258,"menu_order":0,"comment_status":"closed","ping_status":"closed","template":"","meta":{"_acf_changed":false,"footnotes":""},"class_list":["post-33270","page","type-page","status-publish","hentry"],"acf":[],"_links":{"self":[{"href":"https:\/\/www.ciimar.up.pt\/pt-pt\/wp-json\/wp\/v2\/pages\/33270","targetHints":{"allow":["GET"]}}],"collection":[{"href":"https:\/\/www.ciimar.up.pt\/pt-pt\/wp-json\/wp\/v2\/pages"}],"about":[{"href":"https:\/\/www.ciimar.up.pt\/pt-pt\/wp-json\/wp\/v2\/types\/page"}],"author":[{"embeddable":true,"href":"https:\/\/www.ciimar.up.pt\/pt-pt\/wp-json\/wp\/v2\/users\/1"}],"replies":[{"embeddable":true,"href":"https:\/\/www.ciimar.up.pt\/pt-pt\/wp-json\/wp\/v2\/comments?post=33270"}],"version-history":[{"count":16,"href":"https:\/\/www.ciimar.up.pt\/pt-pt\/wp-json\/wp\/v2\/pages\/33270\/revisions"}],"predecessor-version":[{"id":57487,"href":"https:\/\/www.ciimar.up.pt\/pt-pt\/wp-json\/wp\/v2\/pages\/33270\/revisions\/57487"}],"up":[{"embeddable":true,"href":"https:\/\/www.ciimar.up.pt\/pt-pt\/wp-json\/wp\/v2\/pages\/33258"}],"wp:attachment":[{"href":"https:\/\/www.ciimar.up.pt\/pt-pt\/wp-json\/wp\/v2\/media?parent=33270"}],"curies":[{"name":"wp","href":"https:\/\/api.w.org\/{rel}","templated":true}]}}