{"id":33273,"date":"2023-05-29T09:50:04","date_gmt":"2023-05-29T08:50:04","guid":{"rendered":"https:\/\/work.glitz-design.com\/ciimar\/investigacao\/publicacoes"},"modified":"2024-07-29T10:33:06","modified_gmt":"2024-07-29T10:33:06","slug":"publicacoes","status":"publish","type":"page","link":"https:\/\/www.ciimar.up.pt\/pt-pt\/investigacao\/publicacoes\/","title":{"rendered":"Publica\u00e7\u00f5es"},"content":{"rendered":"<style>\/*! elementor - v3.18.0 - 20-12-2023 *\/\n.elementor-heading-title{padding:0;margin:0;line-height:1}.elementor-widget-heading .elementor-heading-title[class*=elementor-size-]>a{color:inherit;font-size:inherit;line-height:inherit}.elementor-widget-heading .elementor-heading-title.elementor-size-small{font-size:15px}.elementor-widget-heading .elementor-heading-title.elementor-size-medium{font-size:19px}.elementor-widget-heading .elementor-heading-title.elementor-size-large{font-size:29px}.elementor-widget-heading .elementor-heading-title.elementor-size-xl{font-size:39px}.elementor-widget-heading .elementor-heading-title.elementor-size-xxl{font-size:59px}<\/style>\n<h5>CIIMAR<\/h5>\n<h1>Publica\u00e7\u00f5es<\/h1>\n<h4>Publica\u00e7\u00f5es cient\u00edficas<\/h4>\n<h3>565<\/h3>\n<h5>Publica\u00e7\u00f5es em jornais revistas pelos pares<\/h5>\n<h3>46<\/h3>\n<h5>Edi\u00e7\u00f5es em jornais da especialidade<\/h5>\n<h3>22<\/h3>\n<h5>Livros e cap\u00edtulos de livros<\/h5>\n<h3>87<\/h3>\n<h5>Outras publica\u00e7\u00f5es<\/h5>\n<h3>720<\/h3>\n<h5>Total de publica\u00e7\u00f5es cient\u00edficas<\/h5>\n<p>\t\t\t<canvas id=\"myChart\"><\/canvas><\/p>\n<h4>N\u00famero de publica\u00e7\u00f5es<\/h4>\n<h6>Em revistas com revis\u00e3o por pares em 2023<\/h6>\n<p>\t\t\t<canvas id=\"myChart\"><\/canvas><\/p>\n<h4>Fator de impacto m\u00e9dio<\/h4>\n<h6>em 2023<\/h6>\n<p>\t\t\t<canvas id=\"myChart\"><\/canvas><\/p>\n<h4>Publica\u00e7\u00f5es mais recentes<\/h4>\n<p>\t\t\t<a href=\"https:\/\/www.ciimar.up.pt\/pt-pt\/investigacao\/todas-as-publicacoes\/\"><br \/>\n\t\t\t\t\t\tTodas as publica\u00e7\u00f5es<br \/>\n\t\t\t\t\t<\/a><\/p>\n<form data-sf-form-id='35803' data-is-rtl='0' data-maintain-state='' data-results-url='https:\/\/www.ciimar.up.pt\/research\/publications' data-ajax-url='https:\/\/www.ciimar.up.pt\/research\/publications?sf_data=results' data-ajax-form-url='https:\/\/www.ciimar.up.pt\/?sfid=35803&amp;sf_action=get_data&amp;sf_data=form' data-display-result-method='elementor_loop_widget' data-use-history-api='1' data-template-loaded='0' data-lang-code='en' data-ajax='1' data-ajax-data-type='html' data-ajax-links-selector='.search-filter-results-35803 a.page-numbers' data-ajax-target='.search-filter-results-35803' data-ajax-pagination-type='infinite_scroll' data-show-scroll-loader='1' data-infinite-scroll-trigger='-100' data-update-ajax-url='1' data-only-results-ajax='1' data-scroll-to-pos='form' data-scroll-on-action='all' data-init-paged='1' data-auto-update='1' action='https:\/\/www.ciimar.up.pt\/research\/publications' method='post' class='searchandfilter' id='search-filter-form-35803' autocomplete='off' data-instance-count='1' data-infinite-scroll-container='.elementor-loop-container' data-infinite-scroll-result-class='.e-loop-item'>\n<ul>\n<li data-sf-field-name=\"search\" data-sf-field-type=\"search\" data-sf-field-input-type=\"\">\t\t<label><br \/>\n\t\t\t\t   <input placeholder=\"Search Publications\u2026\" name=\"_sf_search[]\" type=\"text\" value=\"\" title=\"\"><\/label>\t\t<\/li>\n<\/ul>\n<\/form>\n","protected":false},"excerpt":{"rendered":"<p>CIIMAR Publica\u00e7\u00f5es Publica\u00e7\u00f5es cient\u00edficas 565 Publica\u00e7\u00f5es em jornais revistas pelos pares 46 Edi\u00e7\u00f5es em jornais da especialidade 22 Livros e cap\u00edtulos de livros 87 Outras publica\u00e7\u00f5es 720 Total de publica\u00e7\u00f5es cient\u00edficas N\u00famero de publica\u00e7\u00f5es Em revistas com revis\u00e3o por pares em 2023 Fator de impacto m\u00e9dio em 2023 Publica\u00e7\u00f5es mais recentes Todas as publica\u00e7\u00f5es<\/p>\n","protected":false},"author":1,"featured_media":0,"parent":33226,"menu_order":0,"comment_status":"closed","ping_status":"closed","template":"","meta":{"_acf_changed":false,"footnotes":""},"class_list":["post-33273","page","type-page","status-publish","hentry"],"acf":[],"jetpack_sharing_enabled":true,"_links":{"self":[{"href":"https:\/\/www.ciimar.up.pt\/pt-pt\/wp-json\/wp\/v2\/pages\/33273","targetHints":{"allow":["GET"]}}],"collection":[{"href":"https:\/\/www.ciimar.up.pt\/pt-pt\/wp-json\/wp\/v2\/pages"}],"about":[{"href":"https:\/\/www.ciimar.up.pt\/pt-pt\/wp-json\/wp\/v2\/types\/page"}],"author":[{"embeddable":true,"href":"https:\/\/www.ciimar.up.pt\/pt-pt\/wp-json\/wp\/v2\/users\/1"}],"replies":[{"embeddable":true,"href":"https:\/\/www.ciimar.up.pt\/pt-pt\/wp-json\/wp\/v2\/comments?post=33273"}],"version-history":[{"count":16,"href":"https:\/\/www.ciimar.up.pt\/pt-pt\/wp-json\/wp\/v2\/pages\/33273\/revisions"}],"predecessor-version":[{"id":58072,"href":"https:\/\/www.ciimar.up.pt\/pt-pt\/wp-json\/wp\/v2\/pages\/33273\/revisions\/58072"}],"up":[{"embeddable":true,"href":"https:\/\/www.ciimar.up.pt\/pt-pt\/wp-json\/wp\/v2\/pages\/33226"}],"wp:attachment":[{"href":"https:\/\/www.ciimar.up.pt\/pt-pt\/wp-json\/wp\/v2\/media?parent=33273"}],"curies":[{"name":"wp","href":"https:\/\/api.w.org\/{rel}","templated":true}]}}