{"id":63665,"date":"2025-06-04T09:55:41","date_gmt":"2025-06-04T08:55:41","guid":{"rendered":"https:\/\/www.ciimar.up.pt\/sociedade\/25-anos\/"},"modified":"2026-01-05T10:32:52","modified_gmt":"2026-01-05T10:32:52","slug":"25-anos","status":"publish","type":"page","link":"https:\/\/www.ciimar.up.pt\/pt-pt\/sociedade\/25-anos\/","title":{"rendered":"25 anos"},"content":{"rendered":"\t\t<div data-elementor-type=\"wp-page\" data-elementor-id=\"63665\" class=\"elementor elementor-63665 elementor-63501\" data-elementor-post-type=\"page\">\n\t\t\t\t<div class=\"elementor-element elementor-element-613048b e-flex e-con-boxed e-con e-parent\" data-id=\"613048b\" data-element_type=\"container\" data-settings=\"{&quot;background_background&quot;:&quot;classic&quot;}\">\n\t\t\t\t\t<div class=\"e-con-inner\">\n\t\t\t\t<div class=\"elementor-element elementor-element-7c3c0d0 elementor-widget elementor-widget-heading\" data-id=\"7c3c0d0\" data-element_type=\"widget\" data-widget_type=\"heading.default\">\n\t\t\t\t<div class=\"elementor-widget-container\">\n\t\t\t\t\t<h1 class=\"elementor-heading-title elementor-size-default\">O CIIMAR est\u00e1 a celebrar o seu 25\u00ba anivers\u00e1rio!<\/h1>\t\t\t\t<\/div>\n\t\t\t\t<\/div>\n\t\t\t\t\t<\/div>\n\t\t\t\t<\/div>\n\t\t<div class=\"elementor-element elementor-element-048714a e-con-full e-flex e-con e-parent\" data-id=\"048714a\" data-element_type=\"container\">\n\t\t\t\t<div class=\"elementor-element elementor-element-5be9578 elementor-arrows-position-inside elementor-widget elementor-widget-image-carousel\" data-id=\"5be9578\" data-element_type=\"widget\" data-settings=\"{&quot;slides_to_show&quot;:&quot;3&quot;,&quot;navigation&quot;:&quot;arrows&quot;,&quot;autoplay_speed&quot;:0,&quot;speed&quot;:5000,&quot;image_spacing_custom&quot;:{&quot;unit&quot;:&quot;px&quot;,&quot;size&quot;:30,&quot;sizes&quot;:[]},&quot;autoplay&quot;:&quot;yes&quot;,&quot;pause_on_hover&quot;:&quot;yes&quot;,&quot;pause_on_interaction&quot;:&quot;yes&quot;,&quot;infinite&quot;:&quot;yes&quot;,&quot;image_spacing_custom_tablet&quot;:{&quot;unit&quot;:&quot;px&quot;,&quot;size&quot;:&quot;&quot;,&quot;sizes&quot;:[]},&quot;image_spacing_custom_mobile&quot;:{&quot;unit&quot;:&quot;px&quot;,&quot;size&quot;:&quot;&quot;,&quot;sizes&quot;:[]}}\" data-widget_type=\"image-carousel.default\">\n\t\t\t\t<div class=\"elementor-widget-container\">\n\t\t\t\t\t\t\t<div class=\"elementor-image-carousel-wrapper swiper\" role=\"region\" aria-roledescription=\"carousel\" aria-label=\"Image Carousel\" dir=\"ltr\">\n\t\t\t<div class=\"elementor-image-carousel swiper-wrapper\" aria-live=\"off\">\n\t\t\t\t\t\t\t\t<div class=\"swiper-slide\" role=\"group\" aria-roledescription=\"slide\" aria-label=\"1 of 3\"><figure class=\"swiper-slide-inner\"><img decoding=\"async\" class=\"swiper-slide-image\" src=\"https:\/\/www.ciimar.up.pt\/wp-content\/uploads\/2025\/03\/LMD_250302-0304-scaled.jpg\" alt=\"LMD_250302-0304\" \/><\/figure><\/div><div class=\"swiper-slide\" role=\"group\" aria-roledescription=\"slide\" aria-label=\"2 of 3\"><figure class=\"swiper-slide-inner\"><img decoding=\"async\" class=\"swiper-slide-image\" src=\"https:\/\/www.ciimar.up.pt\/wp-content\/uploads\/2025\/03\/LMD_250301-0001-scaled.jpg\" alt=\"LMD_250301-0001\" \/><\/figure><\/div><div class=\"swiper-slide\" role=\"group\" aria-roledescription=\"slide\" aria-label=\"3 of 3\"><figure class=\"swiper-slide-inner\"><img decoding=\"async\" class=\"swiper-slide-image\" src=\"https:\/\/www.ciimar.up.pt\/wp-content\/uploads\/2025\/03\/LMD_250302-0399-scaled.jpg\" alt=\"LMD_250302-0399\" \/><\/figure><\/div>\t\t\t<\/div>\n\t\t\t\t\t\t\t\t\t\t\t\t<div class=\"elementor-swiper-button elementor-swiper-button-prev\" role=\"button\" tabindex=\"0\">\n\t\t\t\t\t\t<i aria-hidden=\"true\" class=\"eicon-chevron-left\"><\/i>\t\t\t\t\t<\/div>\n\t\t\t\t\t<div class=\"elementor-swiper-button elementor-swiper-button-next\" role=\"button\" tabindex=\"0\">\n\t\t\t\t\t\t<i aria-hidden=\"true\" class=\"eicon-chevron-right\"><\/i>\t\t\t\t\t<\/div>\n\t\t\t\t\n\t\t\t\t\t\t\t\t\t<\/div>\n\t\t\t\t\t\t<\/div>\n\t\t\t\t<\/div>\n\t\t\t\t<\/div>\n\t\t<div class=\"elementor-element elementor-element-b5c7064 e-flex e-con-boxed e-con e-parent\" data-id=\"b5c7064\" data-element_type=\"container\" data-settings=\"{&quot;background_background&quot;:&quot;classic&quot;}\">\n\t\t\t\t\t<div class=\"e-con-inner\">\n\t\t\t\t<div class=\"elementor-element elementor-element-20b564c elementor-widget__width-initial elementor-widget elementor-widget-text-editor\" data-id=\"20b564c\" data-element_type=\"widget\" data-widget_type=\"text-editor.default\">\n\t\t\t\t<div class=\"elementor-widget-container\">\n\t\t\t\t\t\t\t\t\t<div class=\"page\" title=\"P\u00e1gina 8\"><div class=\"layoutArea\"><div class=\"column\"><p data-start=\"0\" data-end=\"346\">Para assinalar a data, a comunidade CIIMAR ir\u00e1 organizar, ao longo do ano, v\u00e1rios eventos assentes em quatro pilares: Sustentabilidade, Sociedade, Arte e Cultura, e Diversidade e Bem-Estar. Estes eventos ser\u00e3o maioritariamente dirigidos \u00e0 comunidade CIIMAR, mas algumas iniciativas estar\u00e3o abertas aos nossos stakeholders e ao p\u00fablico em geral.<\/p><p data-start=\"348\" data-end=\"523\">Al\u00e9m disso, a hist\u00f3ria do CIIMAR e o seu contributo para a ci\u00eancia e para a sociedade ser\u00e3o destacados numa s\u00e9rie de 25 v\u00eddeos a serem lan\u00e7ados ao longo do ano comemorativo.<\/p><p data-start=\"525\" data-end=\"767\" data-is-last-node=\"\" data-is-only-node=\"\">Esta p\u00e1gina ser\u00e1 atualizada regularmente com novidades sobre o programa das celebra\u00e7\u00f5es.<br \/><br data-start=\"613\" data-end=\"616\" \/>O 25.\u00ba anivers\u00e1rio decorre sob o mote \u201cNovos Horizontes\u201d, antecipando o que a comunidade do CIIMAR ainda tem por explorar nos pr\u00f3ximos anos.<\/p><\/div><\/div><\/div>\t\t\t\t\t\t\t\t<\/div>\n\t\t\t\t<\/div>\n\t\t\t\t<div class=\"elementor-element elementor-element-ace35e2 elementor-widget elementor-widget-spacer\" data-id=\"ace35e2\" data-element_type=\"widget\" data-widget_type=\"spacer.default\">\n\t\t\t\t<div class=\"elementor-widget-container\">\n\t\t\t\t\t\t\t<div class=\"elementor-spacer\">\n\t\t\t<div class=\"elementor-spacer-inner\"><\/div>\n\t\t<\/div>\n\t\t\t\t\t\t<\/div>\n\t\t\t\t<\/div>\n\t\t\t\t<div class=\"elementor-element elementor-element-9d61c7c elementor-widget elementor-widget-spacer\" data-id=\"9d61c7c\" data-element_type=\"widget\" data-widget_type=\"spacer.default\">\n\t\t\t\t<div class=\"elementor-widget-container\">\n\t\t\t\t\t\t\t<div class=\"elementor-spacer\">\n\t\t\t<div class=\"elementor-spacer-inner\"><\/div>\n\t\t<\/div>\n\t\t\t\t\t\t<\/div>\n\t\t\t\t<\/div>\n\t\t\t\t\t<\/div>\n\t\t\t\t<\/div>\n\t\t<div data-dce-background-overlay-color=\"#02010121\" class=\"elementor-element elementor-element-4680467 e-flex e-con-boxed e-con e-parent\" data-id=\"4680467\" data-element_type=\"container\">\n\t\t\t\t\t<div class=\"e-con-inner\">\n\t\t\t\t<div class=\"elementor-element elementor-element-4f046eb elementor-widget elementor-widget-spacer\" data-id=\"4f046eb\" data-element_type=\"widget\" data-widget_type=\"spacer.default\">\n\t\t\t\t<div class=\"elementor-widget-container\">\n\t\t\t\t\t\t\t<div class=\"elementor-spacer\">\n\t\t\t<div class=\"elementor-spacer-inner\"><\/div>\n\t\t<\/div>\n\t\t\t\t\t\t<\/div>\n\t\t\t\t<\/div>\n\t\t\t\t<div class=\"elementor-element elementor-element-3fa2c78 elementor-widget elementor-widget-heading\" data-id=\"3fa2c78\" data-element_type=\"widget\" data-widget_type=\"heading.default\">\n\t\t\t\t<div class=\"elementor-widget-container\">\n\t\t\t\t\t<h2 class=\"elementor-heading-title elementor-size-default\">Pr\u00f3ximos eventos<\/h2>\t\t\t\t<\/div>\n\t\t\t\t<\/div>\n\t\t\t\t<div class=\"elementor-element elementor-element-2879694 elementor-widget__width-initial elementor-widget elementor-widget-text-editor\" data-id=\"2879694\" data-element_type=\"widget\" data-widget_type=\"text-editor.default\">\n\t\t\t\t<div class=\"elementor-widget-container\">\n\t\t\t\t\t\t\t\t\t<div class=\"page\" title=\"P\u00e1gina 8\"><div class=\"layoutArea\"><div class=\"column\"><h3>SOCIEDADE<\/h3><\/div><\/div><\/div>\t\t\t\t\t\t\t\t<\/div>\n\t\t\t\t<\/div>\n\t\t\t\t<div class=\"elementor-element elementor-element-8fbaed0 elementor-widget__width-initial elementor-widget elementor-widget-text-editor\" data-id=\"8fbaed0\" data-element_type=\"widget\" data-widget_type=\"text-editor.default\">\n\t\t\t\t<div class=\"elementor-widget-container\">\n\t\t\t\t\t\t\t\t\t<p><strong>22 de outubro:<\/strong> <a href=\"https:\/\/www.ciimar.up.pt\/events\/marine-energy-innovation-and-sustainability\/\">Semin\u00e1rio &#8220;Energia Marinha: Inova\u00e7\u00e3o e Sustentabilidade&#8221;<\/a><\/p>\t\t\t\t\t\t\t\t<\/div>\n\t\t\t\t<\/div>\n\t\t\t\t<div class=\"elementor-element elementor-element-0cf320d elementor-widget elementor-widget-spacer\" data-id=\"0cf320d\" data-element_type=\"widget\" data-widget_type=\"spacer.default\">\n\t\t\t\t<div class=\"elementor-widget-container\">\n\t\t\t\t\t\t\t<div class=\"elementor-spacer\">\n\t\t\t<div class=\"elementor-spacer-inner\"><\/div>\n\t\t<\/div>\n\t\t\t\t\t\t<\/div>\n\t\t\t\t<\/div>\n\t\t\t\t<div class=\"elementor-element elementor-element-c5d4ebb elementor-widget elementor-widget-heading\" data-id=\"c5d4ebb\" data-element_type=\"widget\" data-widget_type=\"heading.default\">\n\t\t\t\t<div class=\"elementor-widget-container\">\n\t\t\t\t\t<h2 class=\"elementor-heading-title elementor-size-default\">Eventos anteriores<\/h2>\t\t\t\t<\/div>\n\t\t\t\t<\/div>\n\t\t\t\t<div class=\"elementor-element elementor-element-ffa6d57 elementor-widget__width-initial elementor-widget elementor-widget-text-editor\" data-id=\"ffa6d57\" data-element_type=\"widget\" data-widget_type=\"text-editor.default\">\n\t\t\t\t<div class=\"elementor-widget-container\">\n\t\t\t\t\t\t\t\t\t<div class=\"page\" title=\"P\u00e1gina 8\"><div class=\"layoutArea\"><div class=\"column\"><h3>SUSTENTABILIDADE<\/h3><\/div><\/div><\/div>\t\t\t\t\t\t\t\t<\/div>\n\t\t\t\t<\/div>\n\t\t\t\t<div class=\"elementor-element elementor-element-fd30d8a elementor-widget__width-initial elementor-widget elementor-widget-text-editor\" data-id=\"fd30d8a\" data-element_type=\"widget\" data-widget_type=\"text-editor.default\">\n\t\t\t\t<div class=\"elementor-widget-container\">\n\t\t\t\t\t\t\t\t\t<p><strong>3 de junho:<\/strong> \u201cPiquenique sobre rodas\u201d no Dia Mundial da Bicicleta<\/p><p><strong>2 de junho:<\/strong> Oficina de repara\u00e7\u00e3o de bicicletas para o Dia Mundial da Bicicleta<\/p><p><strong>26 a 30 de maio:<\/strong> Semana da Sustentabilidade<\/p>\t\t\t\t\t\t\t\t<\/div>\n\t\t\t\t<\/div>\n\t\t\t\t<div class=\"elementor-element elementor-element-37fc4dd elementor-widget__width-initial elementor-widget elementor-widget-text-editor\" data-id=\"37fc4dd\" data-element_type=\"widget\" data-widget_type=\"text-editor.default\">\n\t\t\t\t<div class=\"elementor-widget-container\">\n\t\t\t\t\t\t\t\t\t<div class=\"page\" title=\"P\u00e1gina 8\"><div class=\"layoutArea\"><div class=\"column\"><h3>SOCIEDADE<\/h3><\/div><\/div><\/div>\t\t\t\t\t\t\t\t<\/div>\n\t\t\t\t<\/div>\n\t\t\t\t<div class=\"elementor-element elementor-element-3d8939e elementor-widget__width-initial elementor-widget elementor-widget-text-editor\" data-id=\"3d8939e\" data-element_type=\"widget\" data-widget_type=\"text-editor.default\">\n\t\t\t\t<div class=\"elementor-widget-container\">\n\t\t\t\t\t\t\t\t\t<p><strong>1 de mar\u00e7o:<\/strong> <a href=\"https:\/\/www.ciimar.up.pt\/ciimar-celebrates-25-years-with-a-roaring-twenties-gala-night\/\">Jantar do 25\u00ba\u00a0anivers\u00e1rio do CIIMAR<\/a><\/p><p><strong>8 de junho:<\/strong> <a href=\"https:\/\/www.ciimar.up.pt\/pt-pt\/events\/world-oceans-day-scientists-and-sailors-together-to-protect-the-oceans\/\">Dia Mundial dos Oceanos: cientistas e marinheiros juntam-se para proteger os oceanos<\/a><\/p><p><strong>8 de setembro:<\/strong> <a href=\"https:\/\/www.ciimar.up.pt\/events\/new-horizons-conference\/\">Confer\u00eancia Novos Horizontes<\/a><\/p><p><strong>9 de setembro:<\/strong> <a href=\"https:\/\/www.ciimar.up.pt\/pt-pt\/events\/ciimar-annual-meeting-2025\/\">Encontro anual do CIIMAR<\/a><\/p><p><strong>10 de setembro:<\/strong><a href=\"https:\/\/www.ciimar.up.pt\/events\/blue-think-conference-2025\/\"> Confer\u00eancia Blue Think 2025<\/a><\/p>\t\t\t\t\t\t\t\t<\/div>\n\t\t\t\t<\/div>\n\t\t\t\t<div class=\"elementor-element elementor-element-996c345 elementor-widget elementor-widget-spacer\" data-id=\"996c345\" data-element_type=\"widget\" data-widget_type=\"spacer.default\">\n\t\t\t\t<div class=\"elementor-widget-container\">\n\t\t\t\t\t\t\t<div class=\"elementor-spacer\">\n\t\t\t<div class=\"elementor-spacer-inner\"><\/div>\n\t\t<\/div>\n\t\t\t\t\t\t<\/div>\n\t\t\t\t<\/div>\n\t\t\t\t\t<\/div>\n\t\t\t\t<\/div>\n\t\t<div class=\"elementor-element elementor-element-0428ab7 e-flex e-con-boxed e-con e-parent\" data-id=\"0428ab7\" data-element_type=\"container\" data-settings=\"{&quot;background_background&quot;:&quot;classic&quot;}\">\n\t\t\t\t\t<div class=\"e-con-inner\">\n\t\t<div class=\"elementor-element elementor-element-6972e6f e-con-full e-flex e-con e-child\" data-id=\"6972e6f\" data-element_type=\"container\">\n\t\t\t\t<div class=\"elementor-element elementor-element-664381e elementor-widget elementor-widget-image\" data-id=\"664381e\" data-element_type=\"widget\" data-widget_type=\"image.default\">\n\t\t\t\t<div class=\"elementor-widget-container\">\n\t\t\t\t\t\t\t\t\t\t\t\t\t\t\t<img fetchpriority=\"high\" decoding=\"async\" width=\"800\" height=\"450\" src=\"https:\/\/www.ciimar.up.pt\/wp-content\/uploads\/2025\/06\/image-1024x576.png\" class=\"attachment-large size-large wp-image-63607\" alt=\"\" srcset=\"https:\/\/www.ciimar.up.pt\/wp-content\/uploads\/2025\/06\/image-1024x576.png 1024w, https:\/\/www.ciimar.up.pt\/wp-content\/uploads\/2025\/06\/image-300x169.png 300w, https:\/\/www.ciimar.up.pt\/wp-content\/uploads\/2025\/06\/image-768x432.png 768w, https:\/\/www.ciimar.up.pt\/wp-content\/uploads\/2025\/06\/image-1536x864.png 1536w, https:\/\/www.ciimar.up.pt\/wp-content\/uploads\/2025\/06\/image-2048x1152.png 2048w\" sizes=\"(max-width: 800px) 100vw, 800px\" \/>\t\t\t\t\t\t\t\t\t\t\t\t\t\t\t<\/div>\n\t\t\t\t<\/div>\n\t\t\t\t<\/div>\n\t\t<div class=\"elementor-element elementor-element-d6d3cc1 e-con-full e-flex e-con e-child\" data-id=\"d6d3cc1\" data-element_type=\"container\">\n\t\t\t\t<div class=\"elementor-element elementor-element-8aadeb4 elementor-widget elementor-widget-heading\" data-id=\"8aadeb4\" data-element_type=\"widget\" data-widget_type=\"heading.default\">\n\t\t\t\t<div class=\"elementor-widget-container\">\n\t\t\t\t\t<h2 class=\"elementor-heading-title elementor-size-default\">25 Tons de Azul<\/h2>\t\t\t\t<\/div>\n\t\t\t\t<\/div>\n\t\t\t\t<div class=\"elementor-element elementor-element-e9a7591 elementor-widget__width-initial elementor-widget elementor-widget-text-editor\" data-id=\"e9a7591\" data-element_type=\"widget\" data-widget_type=\"text-editor.default\">\n\t\t\t\t<div class=\"elementor-widget-container\">\n\t\t\t\t\t\t\t\t\t<p>No \u00e2mbito das comemora\u00e7\u00f5es do seu 25\u00ba anivers\u00e1rio, o CIIMAR lan\u00e7a a s\u00e9rie de v\u00eddeos \u201c25 Tons de Azul\u201d. Reflectindo o impacto que o centro de investiga\u00e7\u00e3o teve nos \u00faltimos 25 anos, a s\u00e9rie convida a mergulhar nas principais \u00e1reas de a\u00e7\u00e3o do CIIMAR.<\/p>\t\t\t\t\t\t\t\t<\/div>\n\t\t\t\t<\/div>\n\t\t\t\t<\/div>\n\t\t\t\t\t<\/div>\n\t\t\t\t<\/div>\n\t\t<div class=\"elementor-element elementor-element-1157d1f e-grid e-con-boxed e-con e-parent\" data-id=\"1157d1f\" data-element_type=\"container\">\n\t\t\t\t\t<div class=\"e-con-inner\">\n\t\t\t\t<div class=\"elementor-element elementor-element-743e0ba elementor-widget elementor-widget-video\" data-id=\"743e0ba\" data-element_type=\"widget\" data-settings=\"{&quot;youtube_url&quot;:&quot;https:\\\/\\\/www.youtube.com\\\/watch?v=CZ9zT54PiYw&quot;,&quot;video_type&quot;:&quot;youtube&quot;,&quot;controls&quot;:&quot;yes&quot;}\" data-widget_type=\"video.default\">\n\t\t\t\t<div class=\"elementor-widget-container\">\n\t\t\t\t\t\t\t<div class=\"elementor-wrapper elementor-open-inline\">\n\t\t\t<div class=\"elementor-video\"><\/div>\t\t<\/div>\n\t\t\t\t\t\t<\/div>\n\t\t\t\t<\/div>\n\t\t\t\t<div class=\"elementor-element elementor-element-af5f58b elementor-widget elementor-widget-video\" data-id=\"af5f58b\" data-element_type=\"widget\" data-settings=\"{&quot;youtube_url&quot;:&quot;https:\\\/\\\/www.youtube.com\\\/watch?v=J69uVzFtXFE&quot;,&quot;video_type&quot;:&quot;youtube&quot;,&quot;controls&quot;:&quot;yes&quot;}\" data-widget_type=\"video.default\">\n\t\t\t\t<div class=\"elementor-widget-container\">\n\t\t\t\t\t\t\t<div class=\"elementor-wrapper elementor-open-inline\">\n\t\t\t<div class=\"elementor-video\"><\/div>\t\t<\/div>\n\t\t\t\t\t\t<\/div>\n\t\t\t\t<\/div>\n\t\t\t\t<div class=\"elementor-element elementor-element-2ef0eba elementor-widget elementor-widget-video\" data-id=\"2ef0eba\" data-element_type=\"widget\" data-settings=\"{&quot;youtube_url&quot;:&quot;https:\\\/\\\/www.youtube.com\\\/watch?v=YxrSJigzKYs&quot;,&quot;video_type&quot;:&quot;youtube&quot;,&quot;controls&quot;:&quot;yes&quot;}\" data-widget_type=\"video.default\">\n\t\t\t\t<div class=\"elementor-widget-container\">\n\t\t\t\t\t\t\t<div class=\"elementor-wrapper elementor-open-inline\">\n\t\t\t<div class=\"elementor-video\"><\/div>\t\t<\/div>\n\t\t\t\t\t\t<\/div>\n\t\t\t\t<\/div>\n\t\t\t\t<div class=\"elementor-element elementor-element-f3b9b3c elementor-widget elementor-widget-video\" data-id=\"f3b9b3c\" data-element_type=\"widget\" data-settings=\"{&quot;youtube_url&quot;:&quot;https:\\\/\\\/www.youtube.com\\\/watch?v=JKEkIQtCLdI&quot;,&quot;video_type&quot;:&quot;youtube&quot;,&quot;controls&quot;:&quot;yes&quot;}\" data-widget_type=\"video.default\">\n\t\t\t\t<div class=\"elementor-widget-container\">\n\t\t\t\t\t\t\t<div class=\"elementor-wrapper elementor-open-inline\">\n\t\t\t<div class=\"elementor-video\"><\/div>\t\t<\/div>\n\t\t\t\t\t\t<\/div>\n\t\t\t\t<\/div>\n\t\t\t\t<div class=\"elementor-element elementor-element-780f23e elementor-widget elementor-widget-video\" data-id=\"780f23e\" data-element_type=\"widget\" data-settings=\"{&quot;youtube_url&quot;:&quot;https:\\\/\\\/www.youtube.com\\\/watch?v=1w12WEHj5JU&quot;,&quot;video_type&quot;:&quot;youtube&quot;,&quot;controls&quot;:&quot;yes&quot;}\" data-widget_type=\"video.default\">\n\t\t\t\t<div class=\"elementor-widget-container\">\n\t\t\t\t\t\t\t<div class=\"elementor-wrapper elementor-open-inline\">\n\t\t\t<div class=\"elementor-video\"><\/div>\t\t<\/div>\n\t\t\t\t\t\t<\/div>\n\t\t\t\t<\/div>\n\t\t\t\t<div class=\"elementor-element elementor-element-c62ea0f elementor-widget elementor-widget-video\" data-id=\"c62ea0f\" data-element_type=\"widget\" data-settings=\"{&quot;youtube_url&quot;:&quot;https:\\\/\\\/youtu.be\\\/jAXSc7mP6FU&quot;,&quot;video_type&quot;:&quot;youtube&quot;,&quot;controls&quot;:&quot;yes&quot;}\" data-widget_type=\"video.default\">\n\t\t\t\t<div class=\"elementor-widget-container\">\n\t\t\t\t\t\t\t<div class=\"elementor-wrapper elementor-open-inline\">\n\t\t\t<div class=\"elementor-video\"><\/div>\t\t<\/div>\n\t\t\t\t\t\t<\/div>\n\t\t\t\t<\/div>\n\t\t\t\t\t<\/div>\n\t\t\t\t<\/div>\n\t\t\t\t<\/div>\n\t\t","protected":false},"excerpt":{"rendered":"<p>O CIIMAR est\u00e1 a celebrar o seu 25\u00ba anivers\u00e1rio! Para assinalar a data, a comunidade CIIMAR ir\u00e1 organizar, ao longo do ano, v\u00e1rios eventos assentes em quatro pilares: Sustentabilidade, Sociedade, Arte e Cultura, e Diversidade e Bem-Estar. Estes eventos ser\u00e3o maioritariamente dirigidos \u00e0 comunidade CIIMAR, mas algumas iniciativas estar\u00e3o abertas aos nossos stakeholders e ao [&hellip;]<\/p>\n","protected":false},"author":3,"featured_media":0,"parent":33256,"menu_order":0,"comment_status":"closed","ping_status":"closed","template":"","meta":{"_acf_changed":false,"footnotes":""},"class_list":["post-63665","page","type-page","status-publish","hentry"],"acf":[],"_links":{"self":[{"href":"https:\/\/www.ciimar.up.pt\/pt-pt\/wp-json\/wp\/v2\/pages\/63665","targetHints":{"allow":["GET"]}}],"collection":[{"href":"https:\/\/www.ciimar.up.pt\/pt-pt\/wp-json\/wp\/v2\/pages"}],"about":[{"href":"https:\/\/www.ciimar.up.pt\/pt-pt\/wp-json\/wp\/v2\/types\/page"}],"author":[{"embeddable":true,"href":"https:\/\/www.ciimar.up.pt\/pt-pt\/wp-json\/wp\/v2\/users\/3"}],"replies":[{"embeddable":true,"href":"https:\/\/www.ciimar.up.pt\/pt-pt\/wp-json\/wp\/v2\/comments?post=63665"}],"version-history":[{"count":37,"href":"https:\/\/www.ciimar.up.pt\/pt-pt\/wp-json\/wp\/v2\/pages\/63665\/revisions"}],"predecessor-version":[{"id":67290,"href":"https:\/\/www.ciimar.up.pt\/pt-pt\/wp-json\/wp\/v2\/pages\/63665\/revisions\/67290"}],"up":[{"embeddable":true,"href":"https:\/\/www.ciimar.up.pt\/pt-pt\/wp-json\/wp\/v2\/pages\/33256"}],"wp:attachment":[{"href":"https:\/\/www.ciimar.up.pt\/pt-pt\/wp-json\/wp\/v2\/media?parent=63665"}],"curies":[{"name":"wp","href":"https:\/\/api.w.org\/{rel}","templated":true}]}}